{"id":79,"date":"2015-04-03T23:16:36","date_gmt":"2015-04-03T21:16:36","guid":{"rendered":"http:\/\/mcesson.se\/?page_id=79"},"modified":"2015-07-27T11:28:22","modified_gmt":"2015-07-27T09:28:22","slug":"bilder","status":"publish","type":"page","link":"https:\/\/mcesson.se\/?page_id=79","title":{"rendered":"Bilder"},"content":{"rendered":"<p>V\u00e4lj bilmapp p\u00e5 menyn &#8221;Bilder&#8221; f\u00f6r att v\u00e4lja kategori\/evenemang.<\/p>\n","protected":false},"excerpt":{"rendered":"<p>V\u00e4lj bilmapp p\u00e5 menyn &#8221;Bilder&#8221; f\u00f6r att v\u00e4lja kategori\/evenemang.<\/p>\n","protected":false},"author":1,"featured_media":0,"parent":0,"menu_order":0,"comment_status":"closed","ping_status":"open","template":"","meta":[],"_links":{"self":[{"href":"https:\/\/mcesson.se\/index.php?rest_route=\/wp\/v2\/pages\/79"}],"collection":[{"href":"https:\/\/mcesson.se\/index.php?rest_route=\/wp\/v2\/pages"}],"about":[{"href":"https:\/\/mcesson.se\/index.php?rest_route=\/wp\/v2\/types\/page"}],"author":[{"embeddable":true,"href":"https:\/\/mcesson.se\/index.php?rest_route=\/wp\/v2\/users\/1"}],"replies":[{"embeddable":true,"href":"https:\/\/mcesson.se\/index.php?rest_route=%2Fwp%2Fv2%2Fcomments&post=79"}],"version-history":[{"count":7,"href":"https:\/\/mcesson.se\/index.php?rest_route=\/wp\/v2\/pages\/79\/revisions"}],"predecessor-version":[{"id":204,"href":"https:\/\/mcesson.se\/index.php?rest_route=\/wp\/v2\/pages\/79\/revisions\/204"}],"wp:attachment":[{"href":"https:\/\/mcesson.se\/index.php?rest_route=%2Fwp%2Fv2%2Fmedia&parent=79"}],"curies":[{"name":"wp","href":"https:\/\/api.w.org\/{rel}","templated":true}]}}