{"id":520,"date":"2016-07-24T23:41:46","date_gmt":"2016-07-24T21:41:46","guid":{"rendered":"http:\/\/mcesson.se\/?page_id=520"},"modified":"2016-07-31T23:28:03","modified_gmt":"2016-07-31T21:28:03","slug":"motorveckan-2016","status":"publish","type":"page","link":"https:\/\/mcesson.se\/?page_id=520","title":{"rendered":"Motorveckan 2016"},"content":{"rendered":"<p>H\u00e4r finner du bilder fr\u00e5n de arrangemang jag bes\u00f6kt under motorveckan 2016.<br \/>\n<HR><center>SKOTERDRAGRACE<\/HR><\/center><\/p>\n<p><div id='gallery-1' class='gallery galleryid-520 gallery-columns-3 gallery-size-thumbnail'><dl class='gallery-item'>\n\t\t\t<dt class='gallery-icon landscape'>\n\t\t\t\t<a href='https:\/\/mcesson.se\/?attachment_id=522'><img width=\"150\" height=\"150\" src=\"https:\/\/mcesson.se\/wp-content\/uploads\/2016\/07\/1J4A1197_1024-150x150.jpg\" class=\"attachment-thumbnail size-thumbnail\" alt=\"\" decoding=\"async\" loading=\"lazy\" \/><\/a>\n\t\t\t<\/dt><\/dl><dl class='gallery-item'>\n\t\t\t<dt class='gallery-icon landscape'>\n\t\t\t\t<a href='https:\/\/mcesson.se\/?attachment_id=523'><img width=\"150\" height=\"150\" src=\"https:\/\/mcesson.se\/wp-content\/uploads\/2016\/07\/1J4A1218_1024-150x150.jpg\" class=\"attachment-thumbnail size-thumbnail\" alt=\"\" decoding=\"async\" loading=\"lazy\" aria-describedby=\"gallery-1-523\" \/><\/a>\n\t\t\t<\/dt>\n\t\t\t\t<dd class='wp-caption-text gallery-caption' id='gallery-1-523'>\n\t\t\t\tMarkus Vidmans Gr\u00e4sklippare med dryga 9hk\n\t\t\t\t<\/dd><\/dl><dl class='gallery-item'>\n\t\t\t<dt class='gallery-icon landscape'>\n\t\t\t\t<a href='https:\/\/mcesson.se\/?attachment_id=524'><img width=\"150\" height=\"150\" src=\"https:\/\/mcesson.se\/wp-content\/uploads\/2016\/07\/1J4A1231_1024-150x150.jpg\" class=\"attachment-thumbnail size-thumbnail\" alt=\"\" decoding=\"async\" loading=\"lazy\" aria-describedby=\"gallery-1-524\" \/><\/a>\n\t\t\t<\/dt>\n\t\t\t\t<dd class='wp-caption-text gallery-caption' id='gallery-1-524'>\n\t\t\t\tTomas Sandstr\u00f6m med sin Skiiroule.\n\t\t\t\t<\/dd><\/dl><br style=\"clear: both\" \/><dl class='gallery-item'>\n\t\t\t<dt class='gallery-icon landscape'>\n\t\t\t\t<a href='https:\/\/mcesson.se\/?attachment_id=525'><img width=\"150\" height=\"150\" src=\"https:\/\/mcesson.se\/wp-content\/uploads\/2016\/07\/1J4A1235_1024-150x150.jpg\" class=\"attachment-thumbnail size-thumbnail\" alt=\"\" decoding=\"async\" loading=\"lazy\" aria-describedby=\"gallery-1-525\" \/><\/a>\n\t\t\t<\/dt>\n\t\t\t\t<dd class='wp-caption-text gallery-caption' id='gallery-1-525'>\n\t\t\t\tTomas slutade med en 2:placering i \u00e5r\n\t\t\t\t<\/dd><\/dl><dl class='gallery-item'>\n\t\t\t<dt class='gallery-icon landscape'>\n\t\t\t\t<a href='https:\/\/mcesson.se\/?attachment_id=526'><img width=\"150\" height=\"150\" src=\"https:\/\/mcesson.se\/wp-content\/uploads\/2016\/07\/1J4A1248_1024-150x150.jpg\" class=\"attachment-thumbnail size-thumbnail\" alt=\"\" decoding=\"async\" loading=\"lazy\" \/><\/a>\n\t\t\t<\/dt><\/dl><dl class='gallery-item'>\n\t\t\t<dt class='gallery-icon landscape'>\n\t\t\t\t<a href='https:\/\/mcesson.se\/?attachment_id=527'><img width=\"150\" height=\"150\" src=\"https:\/\/mcesson.se\/wp-content\/uploads\/2016\/07\/1J4A1293_10241-150x150.jpg\" class=\"attachment-thumbnail size-thumbnail\" alt=\"\" decoding=\"async\" loading=\"lazy\" aria-describedby=\"gallery-1-527\" \/><\/a>\n\t\t\t<\/dt>\n\t\t\t\t<dd class='wp-caption-text gallery-caption' id='gallery-1-527'>\n\t\t\t\tCustomiserat Cresent compact\n\t\t\t\t<\/dd><\/dl><br style=\"clear: both\" \/>\n\t\t<\/div>\n<br \/>\n<br \/><center><HR>MOPEDRALLY<\/center><\/HR><br \/>\n<div id='gallery-2' class='gallery galleryid-520 gallery-columns-3 gallery-size-thumbnail'><dl class='gallery-item'>\n\t\t\t<dt class='gallery-icon landscape'>\n\t\t\t\t<a href='https:\/\/mcesson.se\/?attachment_id=552'><img width=\"150\" height=\"150\" src=\"https:\/\/mcesson.se\/wp-content\/uploads\/2016\/07\/1J4A1557_1024-150x150.jpg\" class=\"attachment-thumbnail size-thumbnail\" alt=\"\" decoding=\"async\" loading=\"lazy\" \/><\/a>\n\t\t\t<\/dt><\/dl><dl class='gallery-item'>\n\t\t\t<dt class='gallery-icon landscape'>\n\t\t\t\t<a href='https:\/\/mcesson.se\/?attachment_id=553'><img width=\"150\" height=\"150\" src=\"https:\/\/mcesson.se\/wp-content\/uploads\/2016\/07\/1J4A1577_1024-150x150.jpg\" class=\"attachment-thumbnail size-thumbnail\" alt=\"\" decoding=\"async\" loading=\"lazy\" \/><\/a>\n\t\t\t<\/dt><\/dl><dl class='gallery-item'>\n\t\t\t<dt class='gallery-icon landscape'>\n\t\t\t\t<a href='https:\/\/mcesson.se\/?attachment_id=554'><img width=\"150\" height=\"150\" src=\"https:\/\/mcesson.se\/wp-content\/uploads\/2016\/07\/1J4A1590_1024-150x150.jpg\" class=\"attachment-thumbnail size-thumbnail\" alt=\"\" decoding=\"async\" loading=\"lazy\" \/><\/a>\n\t\t\t<\/dt><\/dl><br style=\"clear: both\" \/><dl class='gallery-item'>\n\t\t\t<dt class='gallery-icon landscape'>\n\t\t\t\t<a href='https:\/\/mcesson.se\/?attachment_id=555'><img width=\"150\" height=\"150\" src=\"https:\/\/mcesson.se\/wp-content\/uploads\/2016\/07\/1J4A1599_1024-150x150.jpg\" class=\"attachment-thumbnail size-thumbnail\" alt=\"\" decoding=\"async\" loading=\"lazy\" \/><\/a>\n\t\t\t<\/dt><\/dl><dl class='gallery-item'>\n\t\t\t<dt class='gallery-icon landscape'>\n\t\t\t\t<a href='https:\/\/mcesson.se\/?attachment_id=556'><img width=\"150\" height=\"150\" src=\"https:\/\/mcesson.se\/wp-content\/uploads\/2016\/07\/1J4A1601_1024-150x150.jpg\" class=\"attachment-thumbnail size-thumbnail\" alt=\"\" decoding=\"async\" loading=\"lazy\" \/><\/a>\n\t\t\t<\/dt><\/dl><dl class='gallery-item'>\n\t\t\t<dt class='gallery-icon landscape'>\n\t\t\t\t<a href='https:\/\/mcesson.se\/?attachment_id=557'><img width=\"150\" height=\"150\" src=\"https:\/\/mcesson.se\/wp-content\/uploads\/2016\/07\/1J4A1606_1024-150x150.jpg\" class=\"attachment-thumbnail size-thumbnail\" alt=\"\" decoding=\"async\" loading=\"lazy\" \/><\/a>\n\t\t\t<\/dt><\/dl><br style=\"clear: both\" \/><dl class='gallery-item'>\n\t\t\t<dt class='gallery-icon landscape'>\n\t\t\t\t<a href='https:\/\/mcesson.se\/?attachment_id=558'><img width=\"150\" height=\"150\" src=\"https:\/\/mcesson.se\/wp-content\/uploads\/2016\/07\/1J4A1612_1024-150x150.jpg\" class=\"attachment-thumbnail size-thumbnail\" alt=\"\" decoding=\"async\" loading=\"lazy\" \/><\/a>\n\t\t\t<\/dt><\/dl><dl class='gallery-item'>\n\t\t\t<dt class='gallery-icon landscape'>\n\t\t\t\t<a href='https:\/\/mcesson.se\/?attachment_id=559'><img width=\"150\" height=\"150\" src=\"https:\/\/mcesson.se\/wp-content\/uploads\/2016\/07\/1J4A1613_1024-150x150.jpg\" class=\"attachment-thumbnail size-thumbnail\" alt=\"\" decoding=\"async\" loading=\"lazy\" \/><\/a>\n\t\t\t<\/dt><\/dl><dl class='gallery-item'>\n\t\t\t<dt class='gallery-icon landscape'>\n\t\t\t\t<a href='https:\/\/mcesson.se\/?attachment_id=560'><img width=\"150\" height=\"150\" src=\"https:\/\/mcesson.se\/wp-content\/uploads\/2016\/07\/1J4A1619_1024-150x150.jpg\" class=\"attachment-thumbnail size-thumbnail\" alt=\"\" decoding=\"async\" loading=\"lazy\" \/><\/a>\n\t\t\t<\/dt><\/dl><br style=\"clear: both\" \/><dl class='gallery-item'>\n\t\t\t<dt class='gallery-icon landscape'>\n\t\t\t\t<a href='https:\/\/mcesson.se\/?attachment_id=561'><img width=\"150\" height=\"150\" src=\"https:\/\/mcesson.se\/wp-content\/uploads\/2016\/07\/1J4A1622_1024-150x150.jpg\" class=\"attachment-thumbnail size-thumbnail\" alt=\"\" decoding=\"async\" loading=\"lazy\" \/><\/a>\n\t\t\t<\/dt><\/dl><dl class='gallery-item'>\n\t\t\t<dt class='gallery-icon landscape'>\n\t\t\t\t<a href='https:\/\/mcesson.se\/?attachment_id=562'><img width=\"150\" height=\"150\" src=\"https:\/\/mcesson.se\/wp-content\/uploads\/2016\/07\/1J4A1625_1024-150x150.jpg\" class=\"attachment-thumbnail size-thumbnail\" alt=\"\" decoding=\"async\" loading=\"lazy\" \/><\/a>\n\t\t\t<\/dt><\/dl><dl class='gallery-item'>\n\t\t\t<dt class='gallery-icon landscape'>\n\t\t\t\t<a href='https:\/\/mcesson.se\/?attachment_id=563'><img width=\"150\" height=\"150\" src=\"https:\/\/mcesson.se\/wp-content\/uploads\/2016\/07\/1J4A1628_1024-150x150.jpg\" class=\"attachment-thumbnail size-thumbnail\" alt=\"\" decoding=\"async\" loading=\"lazy\" \/><\/a>\n\t\t\t<\/dt><\/dl><br style=\"clear: both\" \/><dl class='gallery-item'>\n\t\t\t<dt class='gallery-icon landscape'>\n\t\t\t\t<a href='https:\/\/mcesson.se\/?attachment_id=564'><img width=\"150\" height=\"150\" src=\"https:\/\/mcesson.se\/wp-content\/uploads\/2016\/07\/1J4A1634_1024-150x150.jpg\" class=\"attachment-thumbnail size-thumbnail\" alt=\"\" decoding=\"async\" loading=\"lazy\" \/><\/a>\n\t\t\t<\/dt><\/dl><dl class='gallery-item'>\n\t\t\t<dt class='gallery-icon landscape'>\n\t\t\t\t<a href='https:\/\/mcesson.se\/?attachment_id=565'><img width=\"150\" height=\"150\" src=\"https:\/\/mcesson.se\/wp-content\/uploads\/2016\/07\/1J4A1638_1024-150x150.jpg\" class=\"attachment-thumbnail size-thumbnail\" alt=\"\" decoding=\"async\" loading=\"lazy\" \/><\/a>\n\t\t\t<\/dt><\/dl><dl class='gallery-item'>\n\t\t\t<dt class='gallery-icon landscape'>\n\t\t\t\t<a href='https:\/\/mcesson.se\/?attachment_id=566'><img width=\"150\" height=\"150\" src=\"https:\/\/mcesson.se\/wp-content\/uploads\/2016\/07\/1J4A1645_1024-150x150.jpg\" class=\"attachment-thumbnail size-thumbnail\" alt=\"\" decoding=\"async\" loading=\"lazy\" \/><\/a>\n\t\t\t<\/dt><\/dl><br style=\"clear: both\" \/><dl class='gallery-item'>\n\t\t\t<dt class='gallery-icon landscape'>\n\t\t\t\t<a href='https:\/\/mcesson.se\/?attachment_id=567'><img width=\"150\" height=\"150\" src=\"https:\/\/mcesson.se\/wp-content\/uploads\/2016\/07\/1J4A1649_1024-150x150.jpg\" class=\"attachment-thumbnail size-thumbnail\" alt=\"\" decoding=\"async\" loading=\"lazy\" \/><\/a>\n\t\t\t<\/dt><\/dl><dl class='gallery-item'>\n\t\t\t<dt class='gallery-icon landscape'>\n\t\t\t\t<a href='https:\/\/mcesson.se\/?attachment_id=568'><img width=\"150\" height=\"150\" src=\"https:\/\/mcesson.se\/wp-content\/uploads\/2016\/07\/1J4A1652_1024-150x150.jpg\" class=\"attachment-thumbnail size-thumbnail\" alt=\"\" decoding=\"async\" loading=\"lazy\" \/><\/a>\n\t\t\t<\/dt><\/dl>\n\t\t\t<br style='clear: both' \/>\n\t\t<\/div>\n<br \/>\n<br \/><center>CRUSING L\u00d6RDAG<\/center><br \/>\n<div id='gallery-3' class='gallery galleryid-520 gallery-columns-3 gallery-size-thumbnail'><dl class='gallery-item'>\n\t\t\t<dt class='gallery-icon landscape'>\n\t\t\t\t<a href='https:\/\/mcesson.se\/?attachment_id=574'><img width=\"150\" height=\"150\" src=\"https:\/\/mcesson.se\/wp-content\/uploads\/2016\/07\/1J4A2339_1024-150x150.jpg\" class=\"attachment-thumbnail size-thumbnail\" alt=\"\" decoding=\"async\" loading=\"lazy\" \/><\/a>\n\t\t\t<\/dt><\/dl><dl class='gallery-item'>\n\t\t\t<dt class='gallery-icon landscape'>\n\t\t\t\t<a href='https:\/\/mcesson.se\/?attachment_id=575'><img width=\"150\" height=\"150\" src=\"https:\/\/mcesson.se\/wp-content\/uploads\/2016\/07\/1J4A2344_1024-150x150.jpg\" class=\"attachment-thumbnail size-thumbnail\" alt=\"\" decoding=\"async\" loading=\"lazy\" \/><\/a>\n\t\t\t<\/dt><\/dl><dl class='gallery-item'>\n\t\t\t<dt class='gallery-icon landscape'>\n\t\t\t\t<a href='https:\/\/mcesson.se\/?attachment_id=576'><img width=\"150\" height=\"150\" src=\"https:\/\/mcesson.se\/wp-content\/uploads\/2016\/07\/1J4A2345_1024-150x150.jpg\" class=\"attachment-thumbnail size-thumbnail\" alt=\"\" decoding=\"async\" loading=\"lazy\" \/><\/a>\n\t\t\t<\/dt><\/dl><br style=\"clear: both\" \/><dl class='gallery-item'>\n\t\t\t<dt class='gallery-icon landscape'>\n\t\t\t\t<a href='https:\/\/mcesson.se\/?attachment_id=577'><img width=\"150\" height=\"150\" src=\"https:\/\/mcesson.se\/wp-content\/uploads\/2016\/07\/1J4A2346_1024-150x150.jpg\" class=\"attachment-thumbnail size-thumbnail\" alt=\"\" decoding=\"async\" loading=\"lazy\" \/><\/a>\n\t\t\t<\/dt><\/dl><dl class='gallery-item'>\n\t\t\t<dt class='gallery-icon landscape'>\n\t\t\t\t<a href='https:\/\/mcesson.se\/?attachment_id=578'><img width=\"150\" height=\"150\" src=\"https:\/\/mcesson.se\/wp-content\/uploads\/2016\/07\/1J4A2352_1024-150x150.jpg\" class=\"attachment-thumbnail size-thumbnail\" alt=\"\" decoding=\"async\" loading=\"lazy\" \/><\/a>\n\t\t\t<\/dt><\/dl><dl class='gallery-item'>\n\t\t\t<dt class='gallery-icon landscape'>\n\t\t\t\t<a href='https:\/\/mcesson.se\/?attachment_id=579'><img width=\"150\" height=\"150\" src=\"https:\/\/mcesson.se\/wp-content\/uploads\/2016\/07\/1J4A2355_1024-150x150.jpg\" class=\"attachment-thumbnail size-thumbnail\" alt=\"\" decoding=\"async\" loading=\"lazy\" \/><\/a>\n\t\t\t<\/dt><\/dl><br style=\"clear: both\" \/><dl class='gallery-item'>\n\t\t\t<dt class='gallery-icon landscape'>\n\t\t\t\t<a href='https:\/\/mcesson.se\/?attachment_id=580'><img width=\"150\" height=\"150\" src=\"https:\/\/mcesson.se\/wp-content\/uploads\/2016\/07\/1J4A2366_1024-150x150.jpg\" class=\"attachment-thumbnail size-thumbnail\" alt=\"\" decoding=\"async\" loading=\"lazy\" \/><\/a>\n\t\t\t<\/dt><\/dl><dl class='gallery-item'>\n\t\t\t<dt class='gallery-icon landscape'>\n\t\t\t\t<a href='https:\/\/mcesson.se\/?attachment_id=581'><img width=\"150\" height=\"150\" src=\"https:\/\/mcesson.se\/wp-content\/uploads\/2016\/07\/1J4A2371_1024-150x150.jpg\" class=\"attachment-thumbnail size-thumbnail\" alt=\"\" decoding=\"async\" loading=\"lazy\" \/><\/a>\n\t\t\t<\/dt><\/dl><dl class='gallery-item'>\n\t\t\t<dt class='gallery-icon landscape'>\n\t\t\t\t<a href='https:\/\/mcesson.se\/?attachment_id=582'><img width=\"150\" height=\"150\" src=\"https:\/\/mcesson.se\/wp-content\/uploads\/2016\/07\/1J4A2373_1024-150x150.jpg\" class=\"attachment-thumbnail size-thumbnail\" alt=\"\" decoding=\"async\" loading=\"lazy\" \/><\/a>\n\t\t\t<\/dt><\/dl><br style=\"clear: both\" \/><dl class='gallery-item'>\n\t\t\t<dt class='gallery-icon landscape'>\n\t\t\t\t<a href='https:\/\/mcesson.se\/?attachment_id=583'><img width=\"150\" height=\"150\" src=\"https:\/\/mcesson.se\/wp-content\/uploads\/2016\/07\/1J4A2385_1024-150x150.jpg\" class=\"attachment-thumbnail size-thumbnail\" alt=\"\" decoding=\"async\" loading=\"lazy\" \/><\/a>\n\t\t\t<\/dt><\/dl><dl class='gallery-item'>\n\t\t\t<dt class='gallery-icon landscape'>\n\t\t\t\t<a href='https:\/\/mcesson.se\/?attachment_id=584'><img width=\"150\" height=\"150\" src=\"https:\/\/mcesson.se\/wp-content\/uploads\/2016\/07\/1J4A2386_1024-150x150.jpg\" class=\"attachment-thumbnail size-thumbnail\" alt=\"\" decoding=\"async\" loading=\"lazy\" \/><\/a>\n\t\t\t<\/dt><\/dl><dl class='gallery-item'>\n\t\t\t<dt class='gallery-icon landscape'>\n\t\t\t\t<a href='https:\/\/mcesson.se\/?attachment_id=585'><img width=\"150\" height=\"150\" src=\"https:\/\/mcesson.se\/wp-content\/uploads\/2016\/07\/1J4A2387_1024-150x150.jpg\" class=\"attachment-thumbnail size-thumbnail\" alt=\"\" decoding=\"async\" loading=\"lazy\" \/><\/a>\n\t\t\t<\/dt><\/dl><br style=\"clear: both\" \/><dl class='gallery-item'>\n\t\t\t<dt class='gallery-icon landscape'>\n\t\t\t\t<a href='https:\/\/mcesson.se\/?attachment_id=586'><img width=\"150\" height=\"150\" src=\"https:\/\/mcesson.se\/wp-content\/uploads\/2016\/07\/1J4A2389_1024-150x150.jpg\" class=\"attachment-thumbnail size-thumbnail\" alt=\"\" decoding=\"async\" loading=\"lazy\" \/><\/a>\n\t\t\t<\/dt><\/dl><dl class='gallery-item'>\n\t\t\t<dt class='gallery-icon landscape'>\n\t\t\t\t<a href='https:\/\/mcesson.se\/?attachment_id=587'><img width=\"150\" height=\"150\" src=\"https:\/\/mcesson.se\/wp-content\/uploads\/2016\/07\/1J4A2403_1024-150x150.jpg\" class=\"attachment-thumbnail size-thumbnail\" alt=\"\" decoding=\"async\" loading=\"lazy\" \/><\/a>\n\t\t\t<\/dt><\/dl><dl class='gallery-item'>\n\t\t\t<dt class='gallery-icon landscape'>\n\t\t\t\t<a href='https:\/\/mcesson.se\/?attachment_id=588'><img width=\"150\" height=\"150\" src=\"https:\/\/mcesson.se\/wp-content\/uploads\/2016\/07\/1J4A2404_1024-150x150.jpg\" class=\"attachment-thumbnail size-thumbnail\" alt=\"\" decoding=\"async\" loading=\"lazy\" \/><\/a>\n\t\t\t<\/dt><\/dl><br style=\"clear: both\" \/><dl class='gallery-item'>\n\t\t\t<dt class='gallery-icon landscape'>\n\t\t\t\t<a href='https:\/\/mcesson.se\/?attachment_id=589'><img width=\"150\" height=\"150\" src=\"https:\/\/mcesson.se\/wp-content\/uploads\/2016\/07\/1J4A2406_1024-150x150.jpg\" class=\"attachment-thumbnail size-thumbnail\" alt=\"\" decoding=\"async\" loading=\"lazy\" \/><\/a>\n\t\t\t<\/dt><\/dl><dl class='gallery-item'>\n\t\t\t<dt class='gallery-icon landscape'>\n\t\t\t\t<a href='https:\/\/mcesson.se\/?attachment_id=590'><img width=\"150\" height=\"150\" src=\"https:\/\/mcesson.se\/wp-content\/uploads\/2016\/07\/1J4A2412_1024-150x150.jpg\" class=\"attachment-thumbnail size-thumbnail\" alt=\"\" decoding=\"async\" loading=\"lazy\" \/><\/a>\n\t\t\t<\/dt><\/dl><dl class='gallery-item'>\n\t\t\t<dt class='gallery-icon landscape'>\n\t\t\t\t<a href='https:\/\/mcesson.se\/?attachment_id=591'><img width=\"150\" height=\"150\" src=\"https:\/\/mcesson.se\/wp-content\/uploads\/2016\/07\/1J4A2427_1024-150x150.jpg\" class=\"attachment-thumbnail size-thumbnail\" alt=\"\" decoding=\"async\" loading=\"lazy\" \/><\/a>\n\t\t\t<\/dt><\/dl><br style=\"clear: both\" \/><dl class='gallery-item'>\n\t\t\t<dt class='gallery-icon landscape'>\n\t\t\t\t<a href='https:\/\/mcesson.se\/?attachment_id=592'><img width=\"150\" height=\"150\" src=\"https:\/\/mcesson.se\/wp-content\/uploads\/2016\/07\/1J4A2436_1024-150x150.jpg\" class=\"attachment-thumbnail size-thumbnail\" alt=\"\" decoding=\"async\" loading=\"lazy\" \/><\/a>\n\t\t\t<\/dt><\/dl><dl class='gallery-item'>\n\t\t\t<dt class='gallery-icon landscape'>\n\t\t\t\t<a href='https:\/\/mcesson.se\/?attachment_id=593'><img width=\"150\" height=\"150\" src=\"https:\/\/mcesson.se\/wp-content\/uploads\/2016\/07\/1J4A2457_1024-150x150.jpg\" class=\"attachment-thumbnail size-thumbnail\" alt=\"\" decoding=\"async\" loading=\"lazy\" \/><\/a>\n\t\t\t<\/dt><\/dl><dl class='gallery-item'>\n\t\t\t<dt class='gallery-icon landscape'>\n\t\t\t\t<a href='https:\/\/mcesson.se\/?attachment_id=594'><img width=\"150\" height=\"150\" src=\"https:\/\/mcesson.se\/wp-content\/uploads\/2016\/07\/1J4A2475_1024-150x150.jpg\" class=\"attachment-thumbnail size-thumbnail\" alt=\"\" decoding=\"async\" loading=\"lazy\" \/><\/a>\n\t\t\t<\/dt><\/dl><br style=\"clear: both\" \/><dl class='gallery-item'>\n\t\t\t<dt class='gallery-icon landscape'>\n\t\t\t\t<a href='https:\/\/mcesson.se\/?attachment_id=596'><img width=\"150\" height=\"150\" src=\"https:\/\/mcesson.se\/wp-content\/uploads\/2016\/07\/1J4A2480b_1024-150x150.jpg\" class=\"attachment-thumbnail size-thumbnail\" alt=\"\" decoding=\"async\" loading=\"lazy\" \/><\/a>\n\t\t\t<\/dt><\/dl><dl class='gallery-item'>\n\t\t\t<dt class='gallery-icon landscape'>\n\t\t\t\t<a href='https:\/\/mcesson.se\/?attachment_id=597'><img width=\"150\" height=\"150\" src=\"https:\/\/mcesson.se\/wp-content\/uploads\/2016\/07\/1J4A2483_1024-150x150.jpg\" class=\"attachment-thumbnail size-thumbnail\" alt=\"\" decoding=\"async\" loading=\"lazy\" \/><\/a>\n\t\t\t<\/dt><\/dl><dl class='gallery-item'>\n\t\t\t<dt class='gallery-icon landscape'>\n\t\t\t\t<a href='https:\/\/mcesson.se\/?attachment_id=598'><img width=\"150\" height=\"150\" src=\"https:\/\/mcesson.se\/wp-content\/uploads\/2016\/07\/1J4A2487_1024-150x150.jpg\" class=\"attachment-thumbnail size-thumbnail\" alt=\"\" decoding=\"async\" loading=\"lazy\" \/><\/a>\n\t\t\t<\/dt><\/dl><br style=\"clear: both\" \/>\n\t\t<\/div>\n<\/p>\n","protected":false},"excerpt":{"rendered":"<p>H\u00e4r finner du bilder fr\u00e5n de arrangemang jag bes\u00f6kt under motorveckan 2016. SKOTERDRAGRACE MOPEDRALLY CRUSING L\u00d6RDAG<\/p>\n","protected":false},"author":1,"featured_media":0,"parent":79,"menu_order":0,"comment_status":"closed","ping_status":"open","template":"","meta":[],"_links":{"self":[{"href":"https:\/\/mcesson.se\/index.php?rest_route=\/wp\/v2\/pages\/520"}],"collection":[{"href":"https:\/\/mcesson.se\/index.php?rest_route=\/wp\/v2\/pages"}],"about":[{"href":"https:\/\/mcesson.se\/index.php?rest_route=\/wp\/v2\/types\/page"}],"author":[{"embeddable":true,"href":"https:\/\/mcesson.se\/index.php?rest_route=\/wp\/v2\/users\/1"}],"replies":[{"embeddable":true,"href":"https:\/\/mcesson.se\/index.php?rest_route=%2Fwp%2Fv2%2Fcomments&post=520"}],"version-history":[{"count":8,"href":"https:\/\/mcesson.se\/index.php?rest_route=\/wp\/v2\/pages\/520\/revisions"}],"predecessor-version":[{"id":599,"href":"https:\/\/mcesson.se\/index.php?rest_route=\/wp\/v2\/pages\/520\/revisions\/599"}],"up":[{"embeddable":true,"href":"https:\/\/mcesson.se\/index.php?rest_route=\/wp\/v2\/pages\/79"}],"wp:attachment":[{"href":"https:\/\/mcesson.se\/index.php?rest_route=%2Fwp%2Fv2%2Fmedia&parent=520"}],"curies":[{"name":"wp","href":"https:\/\/api.w.org\/{rel}","templated":true}]}}