{"id":364,"date":"2016-04-25T22:21:43","date_gmt":"2016-04-25T20:21:43","guid":{"rendered":"http:\/\/mcesson.se\/?page_id=364"},"modified":"2016-04-25T22:21:49","modified_gmt":"2016-04-25T20:21:49","slug":"sadgas","status":"publish","type":"page","link":"https:\/\/mcesson.se\/?page_id=364","title":{"rendered":"S\u00e4dg\u00e5s"},"content":{"rendered":"<div id=\"attachment_362\" style=\"width: 1034px\" class=\"wp-caption alignnone\"><a href=\"http:\/\/mcesson.se\/wp-content\/uploads\/2016\/04\/1J4A0210_1024.jpg\"><img aria-describedby=\"caption-attachment-362\" decoding=\"async\" loading=\"lazy\" class=\"size-full wp-image-362\" src=\"http:\/\/mcesson.se\/wp-content\/uploads\/2016\/04\/1J4A0210_1024.jpg\" alt=\"S\u00e4dg\u00e5s och s\u00e5ngsvan\" width=\"1024\" height=\"683\" srcset=\"https:\/\/mcesson.se\/wp-content\/uploads\/2016\/04\/1J4A0210_1024.jpg 1024w, https:\/\/mcesson.se\/wp-content\/uploads\/2016\/04\/1J4A0210_1024-300x200.jpg 300w\" sizes=\"(max-width: 1024px) 100vw, 1024px\" \/><\/a><p id=\"caption-attachment-362\" class=\"wp-caption-text\">S\u00e4dg\u00e5s och s\u00e5ngsvan<\/p><\/div>\n<div id=\"attachment_361\" style=\"width: 1034px\" class=\"wp-caption alignnone\"><a href=\"http:\/\/mcesson.se\/wp-content\/uploads\/2016\/04\/1J4A0164_1024.jpg\"><img aria-describedby=\"caption-attachment-361\" decoding=\"async\" loading=\"lazy\" class=\"size-full wp-image-361\" src=\"http:\/\/mcesson.se\/wp-content\/uploads\/2016\/04\/1J4A0164_1024.jpg\" alt=\"S\u00e4dg\u00e5s\" width=\"1024\" height=\"683\" srcset=\"https:\/\/mcesson.se\/wp-content\/uploads\/2016\/04\/1J4A0164_1024.jpg 1024w, https:\/\/mcesson.se\/wp-content\/uploads\/2016\/04\/1J4A0164_1024-300x200.jpg 300w\" sizes=\"(max-width: 1024px) 100vw, 1024px\" \/><\/a><p id=\"caption-attachment-361\" class=\"wp-caption-text\">S\u00e4dg\u00e5s<\/p><\/div>\n","protected":false},"excerpt":{"rendered":"","protected":false},"author":1,"featured_media":0,"parent":103,"menu_order":0,"comment_status":"closed","ping_status":"open","template":"","meta":[],"_links":{"self":[{"href":"https:\/\/mcesson.se\/index.php?rest_route=\/wp\/v2\/pages\/364"}],"collection":[{"href":"https:\/\/mcesson.se\/index.php?rest_route=\/wp\/v2\/pages"}],"about":[{"href":"https:\/\/mcesson.se\/index.php?rest_route=\/wp\/v2\/types\/page"}],"author":[{"embeddable":true,"href":"https:\/\/mcesson.se\/index.php?rest_route=\/wp\/v2\/users\/1"}],"replies":[{"embeddable":true,"href":"https:\/\/mcesson.se\/index.php?rest_route=%2Fwp%2Fv2%2Fcomments&post=364"}],"version-history":[{"count":1,"href":"https:\/\/mcesson.se\/index.php?rest_route=\/wp\/v2\/pages\/364\/revisions"}],"predecessor-version":[{"id":365,"href":"https:\/\/mcesson.se\/index.php?rest_route=\/wp\/v2\/pages\/364\/revisions\/365"}],"up":[{"embeddable":true,"href":"https:\/\/mcesson.se\/index.php?rest_route=\/wp\/v2\/pages\/103"}],"wp:attachment":[{"href":"https:\/\/mcesson.se\/index.php?rest_route=%2Fwp%2Fv2%2Fmedia&parent=364"}],"curies":[{"name":"wp","href":"https:\/\/api.w.org\/{rel}","templated":true}]}}