{"id":349,"date":"2016-04-25T22:09:53","date_gmt":"2016-04-25T20:09:53","guid":{"rendered":"http:\/\/mcesson.se\/?page_id=349"},"modified":"2016-04-25T22:09:53","modified_gmt":"2016-04-25T20:09:53","slug":"stapphok","status":"publish","type":"page","link":"https:\/\/mcesson.se\/?page_id=349","title":{"rendered":"St\u00e4pph\u00f6k"},"content":{"rendered":"<div id=\"attachment_337\" style=\"width: 1034px\" class=\"wp-caption alignnone\"><a href=\"http:\/\/mcesson.se\/wp-content\/uploads\/2016\/04\/1J4A0190_1024.jpg\"><img aria-describedby=\"caption-attachment-337\" decoding=\"async\" loading=\"lazy\" class=\"size-full wp-image-337\" src=\"http:\/\/mcesson.se\/wp-content\/uploads\/2016\/04\/1J4A0190_1024.jpg\" alt=\"St\u00e4pph\u00f6k, troligen hona i Degern\u00e4s\" width=\"1024\" height=\"683\" srcset=\"https:\/\/mcesson.se\/wp-content\/uploads\/2016\/04\/1J4A0190_1024.jpg 1024w, https:\/\/mcesson.se\/wp-content\/uploads\/2016\/04\/1J4A0190_1024-300x200.jpg 300w\" sizes=\"(max-width: 1024px) 100vw, 1024px\" \/><\/a><p id=\"caption-attachment-337\" class=\"wp-caption-text\">St\u00e4pph\u00f6k, troligen hona i Degern\u00e4s<\/p><\/div>\n<div id=\"attachment_336\" style=\"width: 1034px\" class=\"wp-caption alignnone\"><a href=\"http:\/\/mcesson.se\/wp-content\/uploads\/2016\/04\/1J4A0177_1024.jpg\"><img aria-describedby=\"caption-attachment-336\" decoding=\"async\" loading=\"lazy\" class=\"size-full wp-image-336\" src=\"http:\/\/mcesson.se\/wp-content\/uploads\/2016\/04\/1J4A0177_1024.jpg\" alt=\"St\u00e4pph\u00f6k hanne, Degern\u00e4s\" width=\"1024\" height=\"683\" srcset=\"https:\/\/mcesson.se\/wp-content\/uploads\/2016\/04\/1J4A0177_1024.jpg 1024w, https:\/\/mcesson.se\/wp-content\/uploads\/2016\/04\/1J4A0177_1024-300x200.jpg 300w\" sizes=\"(max-width: 1024px) 100vw, 1024px\" \/><\/a><p id=\"caption-attachment-336\" class=\"wp-caption-text\">St\u00e4pph\u00f6k hanne, Degern\u00e4s<\/p><\/div>\n<div id=\"attachment_338\" style=\"width: 1034px\" class=\"wp-caption alignnone\"><a href=\"http:\/\/mcesson.se\/wp-content\/uploads\/2016\/04\/1J4A0194_1024.jpg\"><img aria-describedby=\"caption-attachment-338\" decoding=\"async\" loading=\"lazy\" class=\"size-full wp-image-338\" src=\"http:\/\/mcesson.se\/wp-content\/uploads\/2016\/04\/1J4A0194_1024.jpg\" alt=\"St\u00e4pph\u00f6k, troligen hona i Degern\u00e4s\" width=\"1024\" height=\"683\" srcset=\"https:\/\/mcesson.se\/wp-content\/uploads\/2016\/04\/1J4A0194_1024.jpg 1024w, https:\/\/mcesson.se\/wp-content\/uploads\/2016\/04\/1J4A0194_1024-300x200.jpg 300w\" sizes=\"(max-width: 1024px) 100vw, 1024px\" \/><\/a><p id=\"caption-attachment-338\" class=\"wp-caption-text\">St\u00e4pph\u00f6k, troligen hona i Degern\u00e4s<\/p><\/div>\n","protected":false},"excerpt":{"rendered":"","protected":false},"author":1,"featured_media":0,"parent":103,"menu_order":0,"comment_status":"closed","ping_status":"open","template":"","meta":[],"_links":{"self":[{"href":"https:\/\/mcesson.se\/index.php?rest_route=\/wp\/v2\/pages\/349"}],"collection":[{"href":"https:\/\/mcesson.se\/index.php?rest_route=\/wp\/v2\/pages"}],"about":[{"href":"https:\/\/mcesson.se\/index.php?rest_route=\/wp\/v2\/types\/page"}],"author":[{"embeddable":true,"href":"https:\/\/mcesson.se\/index.php?rest_route=\/wp\/v2\/users\/1"}],"replies":[{"embeddable":true,"href":"https:\/\/mcesson.se\/index.php?rest_route=%2Fwp%2Fv2%2Fcomments&post=349"}],"version-history":[{"count":1,"href":"https:\/\/mcesson.se\/index.php?rest_route=\/wp\/v2\/pages\/349\/revisions"}],"predecessor-version":[{"id":350,"href":"https:\/\/mcesson.se\/index.php?rest_route=\/wp\/v2\/pages\/349\/revisions\/350"}],"up":[{"embeddable":true,"href":"https:\/\/mcesson.se\/index.php?rest_route=\/wp\/v2\/pages\/103"}],"wp:attachment":[{"href":"https:\/\/mcesson.se\/index.php?rest_route=%2Fwp%2Fv2%2Fmedia&parent=349"}],"curies":[{"name":"wp","href":"https:\/\/api.w.org\/{rel}","templated":true}]}}