{"id":248,"date":"2015-08-19T23:12:26","date_gmt":"2015-08-19T21:12:26","guid":{"rendered":"http:\/\/mcesson.se\/?page_id=248"},"modified":"2016-07-25T01:32:47","modified_gmt":"2016-07-24T23:32:47","slug":"marsfjallskatan-2015","status":"publish","type":"page","link":"https:\/\/mcesson.se\/?page_id=248","title":{"rendered":"Marsfj\u00e4llsk\u00e5tan 2015"},"content":{"rendered":"<div id='gallery-1' class='gallery galleryid-248 gallery-columns-3 gallery-size-thumbnail'><dl class='gallery-item'>\n\t\t\t<dt class='gallery-icon landscape'>\n\t\t\t\t<a href='https:\/\/mcesson.se\/?attachment_id=229'><img width=\"150\" height=\"150\" src=\"https:\/\/mcesson.se\/wp-content\/uploads\/2015\/08\/1J4A6918_1024-150x150.jpg\" class=\"attachment-thumbnail size-thumbnail\" alt=\"\" decoding=\"async\" loading=\"lazy\" aria-describedby=\"gallery-1-229\" \/><\/a>\n\t\t\t<\/dt>\n\t\t\t\t<dd class='wp-caption-text gallery-caption' id='gallery-1-229'>\n\t\t\t\tMarsfj\u00e4llsk\u00e5tan\n\t\t\t\t<\/dd><\/dl><dl class='gallery-item'>\n\t\t\t<dt class='gallery-icon landscape'>\n\t\t\t\t<a href='https:\/\/mcesson.se\/?attachment_id=230'><img width=\"150\" height=\"150\" src=\"https:\/\/mcesson.se\/wp-content\/uploads\/2015\/08\/1J4A6982_1024-150x150.jpg\" class=\"attachment-thumbnail size-thumbnail\" alt=\"\" decoding=\"async\" loading=\"lazy\" aria-describedby=\"gallery-1-230\" \/><\/a>\n\t\t\t<\/dt>\n\t\t\t\t<dd class='wp-caption-text gallery-caption' id='gallery-1-230'>\n\t\t\t\tN\u00e5gon slags p\u00e4rlemofj\u00e4ril?\n\t\t\t\t<\/dd><\/dl><dl class='gallery-item'>\n\t\t\t<dt class='gallery-icon landscape'>\n\t\t\t\t<a href='https:\/\/mcesson.se\/?attachment_id=231'><img width=\"150\" height=\"150\" src=\"https:\/\/mcesson.se\/wp-content\/uploads\/2015\/08\/1J4A6999_1024-150x150.jpg\" class=\"attachment-thumbnail size-thumbnail\" alt=\"\" decoding=\"async\" loading=\"lazy\" \/><\/a>\n\t\t\t<\/dt><\/dl><br style=\"clear: both\" \/><dl class='gallery-item'>\n\t\t\t<dt class='gallery-icon landscape'>\n\t\t\t\t<a href='https:\/\/mcesson.se\/?attachment_id=232'><img width=\"150\" height=\"150\" src=\"https:\/\/mcesson.se\/wp-content\/uploads\/2015\/08\/1J4A7008_1024-150x150.jpg\" class=\"attachment-thumbnail size-thumbnail\" alt=\"\" decoding=\"async\" loading=\"lazy\" \/><\/a>\n\t\t\t<\/dt><\/dl><dl class='gallery-item'>\n\t\t\t<dt class='gallery-icon landscape'>\n\t\t\t\t<a href='https:\/\/mcesson.se\/?attachment_id=234'><img width=\"150\" height=\"150\" src=\"https:\/\/mcesson.se\/wp-content\/uploads\/2015\/08\/1J4A6948_1024-150x150.jpg\" class=\"attachment-thumbnail size-thumbnail\" alt=\"\" decoding=\"async\" loading=\"lazy\" aria-describedby=\"gallery-1-234\" \/><\/a>\n\t\t\t<\/dt>\n\t\t\t\t<dd class='wp-caption-text gallery-caption' id='gallery-1-234'>\n\t\t\t\tLite rolig kan en del vara.\n\t\t\t\t<\/dd><\/dl><dl class='gallery-item'>\n\t\t\t<dt class='gallery-icon portrait'>\n\t\t\t\t<a href='https:\/\/mcesson.se\/?attachment_id=235'><img width=\"150\" height=\"150\" src=\"https:\/\/mcesson.se\/wp-content\/uploads\/2015\/08\/1J4A6828_720-150x150.jpg\" class=\"attachment-thumbnail size-thumbnail\" alt=\"\" decoding=\"async\" loading=\"lazy\" aria-describedby=\"gallery-1-235\" \/><\/a>\n\t\t\t<\/dt>\n\t\t\t\t<dd class='wp-caption-text gallery-caption' id='gallery-1-235'>\n\t\t\t\tLa sj\u00e4lv p\u00e5 den \u00f6versta stenen.\n\t\t\t\t<\/dd><\/dl><br style=\"clear: both\" \/><dl class='gallery-item'>\n\t\t\t<dt class='gallery-icon landscape'>\n\t\t\t\t<a href='https:\/\/mcesson.se\/?attachment_id=236'><img width=\"150\" height=\"150\" src=\"https:\/\/mcesson.se\/wp-content\/uploads\/2015\/08\/1J4A6836_1024-150x150.jpg\" class=\"attachment-thumbnail size-thumbnail\" alt=\"\" decoding=\"async\" loading=\"lazy\" \/><\/a>\n\t\t\t<\/dt><\/dl><dl class='gallery-item'>\n\t\t\t<dt class='gallery-icon landscape'>\n\t\t\t\t<a href='https:\/\/mcesson.se\/?attachment_id=237'><img width=\"150\" height=\"150\" src=\"https:\/\/mcesson.se\/wp-content\/uploads\/2015\/08\/1J4A6867_1024-150x150.jpg\" class=\"attachment-thumbnail size-thumbnail\" alt=\"\" decoding=\"async\" loading=\"lazy\" aria-describedby=\"gallery-1-237\" \/><\/a>\n\t\t\t<\/dt>\n\t\t\t\t<dd class='wp-caption-text gallery-caption' id='gallery-1-237'>\n\t\t\t\tDiza vilar p\u00e5 fj\u00e4llet.\n\t\t\t\t<\/dd><\/dl><dl class='gallery-item'>\n\t\t\t<dt class='gallery-icon landscape'>\n\t\t\t\t<a href='https:\/\/mcesson.se\/?attachment_id=238'><img width=\"150\" height=\"150\" src=\"https:\/\/mcesson.se\/wp-content\/uploads\/2015\/08\/1J4A6887_1024-150x150.jpg\" class=\"attachment-thumbnail size-thumbnail\" alt=\"\" decoding=\"async\" loading=\"lazy\" \/><\/a>\n\t\t\t<\/dt><\/dl><br style=\"clear: both\" \/><dl class='gallery-item'>\n\t\t\t<dt class='gallery-icon landscape'>\n\t\t\t\t<a href='https:\/\/mcesson.se\/?attachment_id=239'><img width=\"150\" height=\"150\" src=\"https:\/\/mcesson.se\/wp-content\/uploads\/2015\/08\/1J4A6896_1024-150x150.jpg\" class=\"attachment-thumbnail size-thumbnail\" alt=\"\" decoding=\"async\" loading=\"lazy\" \/><\/a>\n\t\t\t<\/dt><\/dl><dl class='gallery-item'>\n\t\t\t<dt class='gallery-icon landscape'>\n\t\t\t\t<a href='https:\/\/mcesson.se\/?attachment_id=240'><img width=\"150\" height=\"150\" src=\"https:\/\/mcesson.se\/wp-content\/uploads\/2015\/08\/1J4A6920_1024-150x150.jpg\" class=\"attachment-thumbnail size-thumbnail\" alt=\"\" decoding=\"async\" loading=\"lazy\" \/><\/a>\n\t\t\t<\/dt><\/dl><dl class='gallery-item'>\n\t\t\t<dt class='gallery-icon portrait'>\n\t\t\t\t<a href='https:\/\/mcesson.se\/?attachment_id=242'><img width=\"150\" height=\"150\" src=\"https:\/\/mcesson.se\/wp-content\/uploads\/2015\/08\/1J4A6954_720-150x150.jpg\" class=\"attachment-thumbnail size-thumbnail\" alt=\"\" decoding=\"async\" loading=\"lazy\" aria-describedby=\"gallery-1-242\" \/><\/a>\n\t\t\t<\/dt>\n\t\t\t\t<dd class='wp-caption-text gallery-caption' id='gallery-1-242'>\n\t\t\t\tKaminen inne i Marsfj\u00e4llsk\u00e5tan\n\t\t\t\t<\/dd><\/dl><br style=\"clear: both\" \/><dl class='gallery-item'>\n\t\t\t<dt class='gallery-icon landscape'>\n\t\t\t\t<a href='https:\/\/mcesson.se\/?attachment_id=243'><img width=\"150\" height=\"150\" src=\"https:\/\/mcesson.se\/wp-content\/uploads\/2015\/08\/1J4A6956_1024-150x150.jpg\" class=\"attachment-thumbnail size-thumbnail\" alt=\"\" decoding=\"async\" loading=\"lazy\" aria-describedby=\"gallery-1-243\" \/><\/a>\n\t\t\t<\/dt>\n\t\t\t\t<dd class='wp-caption-text gallery-caption' id='gallery-1-243'>\n\t\t\t\tDet finns numera en g\u00e4stbok.\n\t\t\t\t<\/dd><\/dl><dl class='gallery-item'>\n\t\t\t<dt class='gallery-icon landscape'>\n\t\t\t\t<a href='https:\/\/mcesson.se\/?attachment_id=244'><img width=\"150\" height=\"150\" src=\"https:\/\/mcesson.se\/wp-content\/uploads\/2015\/08\/1J4A6959_1024-150x150.jpg\" class=\"attachment-thumbnail size-thumbnail\" alt=\"\" decoding=\"async\" loading=\"lazy\" \/><\/a>\n\t\t\t<\/dt><\/dl><dl class='gallery-item'>\n\t\t\t<dt class='gallery-icon landscape'>\n\t\t\t\t<a href='https:\/\/mcesson.se\/?attachment_id=245'><img width=\"150\" height=\"150\" src=\"https:\/\/mcesson.se\/wp-content\/uploads\/2015\/08\/1J4A6930_1024-150x150.jpg\" class=\"attachment-thumbnail size-thumbnail\" alt=\"\" decoding=\"async\" loading=\"lazy\" aria-describedby=\"gallery-1-245\" \/><\/a>\n\t\t\t<\/dt>\n\t\t\t\t<dd class='wp-caption-text gallery-caption' id='gallery-1-245'>\n\t\t\t\tV\u00e4gvisaren\n\t\t\t\t<\/dd><\/dl><br style=\"clear: both\" \/><dl class='gallery-item'>\n\t\t\t<dt class='gallery-icon landscape'>\n\t\t\t\t<a href='https:\/\/mcesson.se\/?attachment_id=246'><img width=\"150\" height=\"150\" src=\"https:\/\/mcesson.se\/wp-content\/uploads\/2015\/08\/1J4A6931_1024-150x150.jpg\" class=\"attachment-thumbnail size-thumbnail\" alt=\"\" decoding=\"async\" loading=\"lazy\" aria-describedby=\"gallery-1-246\" \/><\/a>\n\t\t\t<\/dt>\n\t\t\t\t<dd class='wp-caption-text gallery-caption' id='gallery-1-246'>\n\t\t\t\tFikapaus, mariekex och vatten!\n\t\t\t\t<\/dd><\/dl>\n\t\t\t<br style='clear: both' \/>\n\t\t<\/div>\n\n<p>I helgen var vi ut p\u00e5 en liten tur upp till Marsfj\u00e4llsk\u00e5tan. Jag har tidigare varit upp till vad jag nu f\u00f6rstod var ca 1,5km fr\u00e5n k\u00e5tan. En helt klart trevlig tripp som dock tog 6 timmar eftersom det var mycket att fotografera och titta p\u00e5.<\/p>\n","protected":false},"excerpt":{"rendered":"<p>I helgen var vi ut p\u00e5 en liten tur upp till Marsfj\u00e4llsk\u00e5tan. Jag har tidigare varit upp till vad jag nu f\u00f6rstod var ca 1,5km fr\u00e5n k\u00e5tan. En helt klart trevlig tripp som dock tog 6 timmar eftersom det var &hellip; <a href=\"https:\/\/mcesson.se\/?page_id=248\">Continue reading <span class=\"meta-nav\">&rarr;<\/span><\/a><\/p>\n","protected":false},"author":1,"featured_media":0,"parent":79,"menu_order":0,"comment_status":"closed","ping_status":"open","template":"","meta":[],"_links":{"self":[{"href":"https:\/\/mcesson.se\/index.php?rest_route=\/wp\/v2\/pages\/248"}],"collection":[{"href":"https:\/\/mcesson.se\/index.php?rest_route=\/wp\/v2\/pages"}],"about":[{"href":"https:\/\/mcesson.se\/index.php?rest_route=\/wp\/v2\/types\/page"}],"author":[{"embeddable":true,"href":"https:\/\/mcesson.se\/index.php?rest_route=\/wp\/v2\/users\/1"}],"replies":[{"embeddable":true,"href":"https:\/\/mcesson.se\/index.php?rest_route=%2Fwp%2Fv2%2Fcomments&post=248"}],"version-history":[{"count":2,"href":"https:\/\/mcesson.se\/index.php?rest_route=\/wp\/v2\/pages\/248\/revisions"}],"predecessor-version":[{"id":250,"href":"https:\/\/mcesson.se\/index.php?rest_route=\/wp\/v2\/pages\/248\/revisions\/250"}],"up":[{"embeddable":true,"href":"https:\/\/mcesson.se\/index.php?rest_route=\/wp\/v2\/pages\/79"}],"wp:attachment":[{"href":"https:\/\/mcesson.se\/index.php?rest_route=%2Fwp%2Fv2%2Fmedia&parent=248"}],"curies":[{"name":"wp","href":"https:\/\/api.w.org\/{rel}","templated":true}]}}