{"id":146,"date":"2015-07-11T01:18:32","date_gmt":"2015-07-10T23:18:32","guid":{"rendered":"http:\/\/mcesson.se\/?page_id=146"},"modified":"2015-07-11T01:18:32","modified_gmt":"2015-07-10T23:18:32","slug":"fjallvrak","status":"publish","type":"page","link":"https:\/\/mcesson.se\/?page_id=146","title":{"rendered":"Fj\u00e4llvr\u00e5k"},"content":{"rendered":"<div id=\"attachment_147\" style=\"width: 1034px\" class=\"wp-caption alignnone\"><a href=\"http:\/\/mcesson.se\/wp-content\/uploads\/2015\/07\/1J4A3403_1024.jpg\"><img aria-describedby=\"caption-attachment-147\" decoding=\"async\" loading=\"lazy\" class=\"wp-image-147 size-full\" src=\"http:\/\/mcesson.se\/wp-content\/uploads\/2015\/07\/1J4A3403_1024.jpg\" alt=\"1J4A3403_1024\" width=\"1024\" height=\"683\" srcset=\"https:\/\/mcesson.se\/wp-content\/uploads\/2015\/07\/1J4A3403_1024.jpg 1024w, https:\/\/mcesson.se\/wp-content\/uploads\/2015\/07\/1J4A3403_1024-300x200.jpg 300w\" sizes=\"(max-width: 1024px) 100vw, 1024px\" \/><\/a><p id=\"caption-attachment-147\" class=\"wp-caption-text\">Fj\u00e4llvr\u00e5k<\/p><\/div>\n<div id=\"attachment_148\" style=\"width: 490px\" class=\"wp-caption alignnone\"><a href=\"http:\/\/mcesson.se\/wp-content\/uploads\/2015\/07\/1J4A3404_720.jpg\"><img aria-describedby=\"caption-attachment-148\" decoding=\"async\" loading=\"lazy\" class=\"wp-image-148 size-full\" src=\"http:\/\/mcesson.se\/wp-content\/uploads\/2015\/07\/1J4A3404_720.jpg\" alt=\"1J4A3404_720\" width=\"480\" height=\"720\" srcset=\"https:\/\/mcesson.se\/wp-content\/uploads\/2015\/07\/1J4A3404_720.jpg 480w, https:\/\/mcesson.se\/wp-content\/uploads\/2015\/07\/1J4A3404_720-200x300.jpg 200w\" sizes=\"(max-width: 480px) 100vw, 480px\" \/><\/a><p id=\"caption-attachment-148\" class=\"wp-caption-text\">Fj\u00e4llvr\u00e5kshona<\/p><\/div>\n<div id=\"attachment_149\" style=\"width: 1034px\" class=\"wp-caption alignnone\"><a href=\"http:\/\/mcesson.se\/wp-content\/uploads\/2015\/07\/1J4A3411_1024.jpg\"><img aria-describedby=\"caption-attachment-149\" decoding=\"async\" loading=\"lazy\" class=\"wp-image-149 size-full\" src=\"http:\/\/mcesson.se\/wp-content\/uploads\/2015\/07\/1J4A3411_1024.jpg\" alt=\"1J4A3411_1024\" width=\"1024\" height=\"683\" srcset=\"https:\/\/mcesson.se\/wp-content\/uploads\/2015\/07\/1J4A3411_1024.jpg 1024w, https:\/\/mcesson.se\/wp-content\/uploads\/2015\/07\/1J4A3411_1024-300x200.jpg 300w\" sizes=\"(max-width: 1024px) 100vw, 1024px\" \/><\/a><p id=\"caption-attachment-149\" class=\"wp-caption-text\">Fj\u00e4llvr\u00e5k hona<\/p><\/div>\n<div id=\"attachment_150\" style=\"width: 1034px\" class=\"wp-caption alignnone\"><a href=\"http:\/\/mcesson.se\/wp-content\/uploads\/2015\/07\/1J4A3430_1024.jpg\"><img aria-describedby=\"caption-attachment-150\" decoding=\"async\" loading=\"lazy\" class=\"wp-image-150 size-full\" src=\"http:\/\/mcesson.se\/wp-content\/uploads\/2015\/07\/1J4A3430_1024.jpg\" alt=\"1J4A3430_1024\" width=\"1024\" height=\"683\" srcset=\"https:\/\/mcesson.se\/wp-content\/uploads\/2015\/07\/1J4A3430_1024.jpg 1024w, https:\/\/mcesson.se\/wp-content\/uploads\/2015\/07\/1J4A3430_1024-300x200.jpg 300w\" sizes=\"(max-width: 1024px) 100vw, 1024px\" \/><\/a><p id=\"caption-attachment-150\" class=\"wp-caption-text\">Fj\u00e4llvr\u00e5k hona<\/p><\/div>\n<div id=\"attachment_151\" style=\"width: 1034px\" class=\"wp-caption alignnone\"><a href=\"http:\/\/mcesson.se\/wp-content\/uploads\/2015\/07\/1J4A3440_1024.jpg\"><img aria-describedby=\"caption-attachment-151\" decoding=\"async\" loading=\"lazy\" class=\"wp-image-151 size-full\" src=\"http:\/\/mcesson.se\/wp-content\/uploads\/2015\/07\/1J4A3440_1024.jpg\" alt=\"1J4A3440_1024\" width=\"1024\" height=\"683\" srcset=\"https:\/\/mcesson.se\/wp-content\/uploads\/2015\/07\/1J4A3440_1024.jpg 1024w, https:\/\/mcesson.se\/wp-content\/uploads\/2015\/07\/1J4A3440_1024-300x200.jpg 300w\" sizes=\"(max-width: 1024px) 100vw, 1024px\" \/><\/a><p id=\"caption-attachment-151\" class=\"wp-caption-text\">Fj\u00e4llvr\u00e5kshanne<\/p><\/div>\n<div id=\"attachment_152\" style=\"width: 1034px\" class=\"wp-caption alignnone\"><a href=\"http:\/\/mcesson.se\/wp-content\/uploads\/2015\/07\/1J4A3503_1024.jpg\"><img aria-describedby=\"caption-attachment-152\" decoding=\"async\" loading=\"lazy\" class=\"wp-image-152 size-full\" src=\"http:\/\/mcesson.se\/wp-content\/uploads\/2015\/07\/1J4A3503_1024.jpg\" alt=\"1J4A3503_1024\" width=\"1024\" height=\"683\" srcset=\"https:\/\/mcesson.se\/wp-content\/uploads\/2015\/07\/1J4A3503_1024.jpg 1024w, https:\/\/mcesson.se\/wp-content\/uploads\/2015\/07\/1J4A3503_1024-300x200.jpg 300w\" sizes=\"(max-width: 1024px) 100vw, 1024px\" \/><\/a><p id=\"caption-attachment-152\" class=\"wp-caption-text\">Fj\u00e4llvr\u00e5ksungar fr\u00e5n 2015.<\/p><\/div>\n<p>&nbsp;<\/p>\n","protected":false},"excerpt":{"rendered":"<p>&nbsp;<\/p>\n","protected":false},"author":1,"featured_media":0,"parent":103,"menu_order":0,"comment_status":"closed","ping_status":"open","template":"","meta":[],"_links":{"self":[{"href":"https:\/\/mcesson.se\/index.php?rest_route=\/wp\/v2\/pages\/146"}],"collection":[{"href":"https:\/\/mcesson.se\/index.php?rest_route=\/wp\/v2\/pages"}],"about":[{"href":"https:\/\/mcesson.se\/index.php?rest_route=\/wp\/v2\/types\/page"}],"author":[{"embeddable":true,"href":"https:\/\/mcesson.se\/index.php?rest_route=\/wp\/v2\/users\/1"}],"replies":[{"embeddable":true,"href":"https:\/\/mcesson.se\/index.php?rest_route=%2Fwp%2Fv2%2Fcomments&post=146"}],"version-history":[{"count":1,"href":"https:\/\/mcesson.se\/index.php?rest_route=\/wp\/v2\/pages\/146\/revisions"}],"predecessor-version":[{"id":153,"href":"https:\/\/mcesson.se\/index.php?rest_route=\/wp\/v2\/pages\/146\/revisions\/153"}],"up":[{"embeddable":true,"href":"https:\/\/mcesson.se\/index.php?rest_route=\/wp\/v2\/pages\/103"}],"wp:attachment":[{"href":"https:\/\/mcesson.se\/index.php?rest_route=%2Fwp%2Fv2%2Fmedia&parent=146"}],"curies":[{"name":"wp","href":"https:\/\/api.w.org\/{rel}","templated":true}]}}