{"id":120,"date":"2015-07-11T00:57:11","date_gmt":"2015-07-10T22:57:11","guid":{"rendered":"http:\/\/mcesson.se\/?page_id=120"},"modified":"2015-07-11T01:33:20","modified_gmt":"2015-07-10T23:33:20","slug":"hokuggla","status":"publish","type":"page","link":"https:\/\/mcesson.se\/?page_id=120","title":{"rendered":"H\u00f6kuggla"},"content":{"rendered":"<div id=\"attachment_122\" style=\"width: 1034px\" class=\"wp-caption alignnone\"><a href=\"http:\/\/mcesson.se\/wp-content\/uploads\/2015\/07\/1J4A1194_1024.jpg\"><img aria-describedby=\"caption-attachment-122\" decoding=\"async\" loading=\"lazy\" class=\"wp-image-122 size-full\" src=\"http:\/\/mcesson.se\/wp-content\/uploads\/2015\/07\/1J4A1194_1024.jpg\" alt=\"1J4A1194_1024\" width=\"1024\" height=\"683\" srcset=\"https:\/\/mcesson.se\/wp-content\/uploads\/2015\/07\/1J4A1194_1024.jpg 1024w, https:\/\/mcesson.se\/wp-content\/uploads\/2015\/07\/1J4A1194_1024-300x200.jpg 300w\" sizes=\"(max-width: 1024px) 100vw, 1024px\" \/><\/a><p id=\"caption-attachment-122\" class=\"wp-caption-text\">H\u00f6kuggla p\u00e5 f\u00f6dos\u00f6k.<\/p><\/div>\n<div id=\"attachment_123\" style=\"width: 490px\" class=\"wp-caption alignnone\"><a href=\"http:\/\/mcesson.se\/wp-content\/uploads\/2015\/07\/1J4A1971_720.jpg\"><img aria-describedby=\"caption-attachment-123\" decoding=\"async\" loading=\"lazy\" class=\"wp-image-123 size-full\" src=\"http:\/\/mcesson.se\/wp-content\/uploads\/2015\/07\/1J4A1971_720.jpg\" alt=\"1J4A1971_720\" width=\"480\" height=\"720\" srcset=\"https:\/\/mcesson.se\/wp-content\/uploads\/2015\/07\/1J4A1971_720.jpg 480w, https:\/\/mcesson.se\/wp-content\/uploads\/2015\/07\/1J4A1971_720-200x300.jpg 200w\" sizes=\"(max-width: 480px) 100vw, 480px\" \/><\/a><p id=\"caption-attachment-123\" class=\"wp-caption-text\">H\u00f6kuggla i talltopp.<\/p><\/div>\n<div id=\"attachment_124\" style=\"width: 1034px\" class=\"wp-caption alignnone\"><a href=\"http:\/\/mcesson.se\/wp-content\/uploads\/2015\/07\/1J4A2000_1024.jpg\"><img aria-describedby=\"caption-attachment-124\" decoding=\"async\" loading=\"lazy\" class=\"wp-image-124 size-full\" src=\"http:\/\/mcesson.se\/wp-content\/uploads\/2015\/07\/1J4A2000_1024.jpg\" alt=\"1J4A2000_1024\" width=\"1024\" height=\"683\" srcset=\"https:\/\/mcesson.se\/wp-content\/uploads\/2015\/07\/1J4A2000_1024.jpg 1024w, https:\/\/mcesson.se\/wp-content\/uploads\/2015\/07\/1J4A2000_1024-300x200.jpg 300w\" sizes=\"(max-width: 1024px) 100vw, 1024px\" \/><\/a><p id=\"caption-attachment-124\" class=\"wp-caption-text\">H\u00f6kuggan spanar in fotografen!<\/p><\/div>\n<div id=\"attachment_125\" style=\"width: 490px\" class=\"wp-caption alignnone\"><a href=\"http:\/\/mcesson.se\/wp-content\/uploads\/2015\/07\/1J4A2016_720.jpg\"><img aria-describedby=\"caption-attachment-125\" decoding=\"async\" loading=\"lazy\" class=\"wp-image-125 size-full\" src=\"http:\/\/mcesson.se\/wp-content\/uploads\/2015\/07\/1J4A2016_720.jpg\" alt=\"1J4A2016_720\" width=\"480\" height=\"720\" srcset=\"https:\/\/mcesson.se\/wp-content\/uploads\/2015\/07\/1J4A2016_720.jpg 480w, https:\/\/mcesson.se\/wp-content\/uploads\/2015\/07\/1J4A2016_720-200x300.jpg 200w\" sizes=\"(max-width: 480px) 100vw, 480px\" \/><\/a><p id=\"caption-attachment-125\" class=\"wp-caption-text\">H\u00f6kuggla<\/p><\/div>\n<div id=\"attachment_126\" style=\"width: 1034px\" class=\"wp-caption alignnone\"><a href=\"http:\/\/mcesson.se\/wp-content\/uploads\/2015\/07\/1J4A2037_1024.jpg\"><img aria-describedby=\"caption-attachment-126\" decoding=\"async\" loading=\"lazy\" class=\"wp-image-126 size-full\" src=\"http:\/\/mcesson.se\/wp-content\/uploads\/2015\/07\/1J4A2037_1024.jpg\" alt=\"1J4A2037_1024\" width=\"1024\" height=\"683\" srcset=\"https:\/\/mcesson.se\/wp-content\/uploads\/2015\/07\/1J4A2037_1024.jpg 1024w, https:\/\/mcesson.se\/wp-content\/uploads\/2015\/07\/1J4A2037_1024-300x200.jpg 300w\" sizes=\"(max-width: 1024px) 100vw, 1024px\" \/><\/a><p id=\"caption-attachment-126\" class=\"wp-caption-text\">H\u00f6kuggla med sork.<\/p><\/div>\n<div id=\"attachment_127\" style=\"width: 490px\" class=\"wp-caption alignnone\"><a href=\"http:\/\/mcesson.se\/wp-content\/uploads\/2015\/07\/1J4A2079_720.jpg\"><img aria-describedby=\"caption-attachment-127\" decoding=\"async\" loading=\"lazy\" class=\"wp-image-127 size-full\" src=\"http:\/\/mcesson.se\/wp-content\/uploads\/2015\/07\/1J4A2079_720.jpg\" alt=\"1J4A2079_720\" width=\"480\" height=\"720\" srcset=\"https:\/\/mcesson.se\/wp-content\/uploads\/2015\/07\/1J4A2079_720.jpg 480w, https:\/\/mcesson.se\/wp-content\/uploads\/2015\/07\/1J4A2079_720-200x300.jpg 200w\" sizes=\"(max-width: 480px) 100vw, 480px\" \/><\/a><p id=\"caption-attachment-127\" class=\"wp-caption-text\">H\u00f6kuggleunge fr\u00e5n 2015.<\/p><\/div>\n<div id=\"attachment_128\" style=\"width: 490px\" class=\"wp-caption alignnone\"><a href=\"http:\/\/mcesson.se\/wp-content\/uploads\/2015\/07\/1J4A2082_720.jpg\"><img aria-describedby=\"caption-attachment-128\" decoding=\"async\" loading=\"lazy\" class=\"wp-image-128 size-full\" src=\"http:\/\/mcesson.se\/wp-content\/uploads\/2015\/07\/1J4A2082_720.jpg\" alt=\"1J4A2082_720\" width=\"480\" height=\"720\" srcset=\"https:\/\/mcesson.se\/wp-content\/uploads\/2015\/07\/1J4A2082_720.jpg 480w, https:\/\/mcesson.se\/wp-content\/uploads\/2015\/07\/1J4A2082_720-200x300.jpg 200w\" sizes=\"(max-width: 480px) 100vw, 480px\" \/><\/a><p id=\"caption-attachment-128\" class=\"wp-caption-text\">H\u00f6kuggleunge fr\u00e5n 2015.<\/p><\/div>\n<div id=\"attachment_129\" style=\"width: 1034px\" class=\"wp-caption alignnone\"><a href=\"http:\/\/mcesson.se\/wp-content\/uploads\/2015\/07\/1J4A2091_1024.jpg\"><img aria-describedby=\"caption-attachment-129\" decoding=\"async\" loading=\"lazy\" class=\"wp-image-129 size-full\" src=\"http:\/\/mcesson.se\/wp-content\/uploads\/2015\/07\/1J4A2091_1024.jpg\" alt=\"1J4A2091_1024\" width=\"1024\" height=\"683\" srcset=\"https:\/\/mcesson.se\/wp-content\/uploads\/2015\/07\/1J4A2091_1024.jpg 1024w, https:\/\/mcesson.se\/wp-content\/uploads\/2015\/07\/1J4A2091_1024-300x200.jpg 300w\" sizes=\"(max-width: 1024px) 100vw, 1024px\" \/><\/a><p id=\"caption-attachment-129\" class=\"wp-caption-text\">H\u00f6kuggleunge fr\u00e5n 2015.<\/p><\/div>\n<p>&nbsp;<\/p>\n","protected":false},"excerpt":{"rendered":"<p>&nbsp;<\/p>\n","protected":false},"author":1,"featured_media":0,"parent":103,"menu_order":0,"comment_status":"closed","ping_status":"open","template":"","meta":[],"_links":{"self":[{"href":"https:\/\/mcesson.se\/index.php?rest_route=\/wp\/v2\/pages\/120"}],"collection":[{"href":"https:\/\/mcesson.se\/index.php?rest_route=\/wp\/v2\/pages"}],"about":[{"href":"https:\/\/mcesson.se\/index.php?rest_route=\/wp\/v2\/types\/page"}],"author":[{"embeddable":true,"href":"https:\/\/mcesson.se\/index.php?rest_route=\/wp\/v2\/users\/1"}],"replies":[{"embeddable":true,"href":"https:\/\/mcesson.se\/index.php?rest_route=%2Fwp%2Fv2%2Fcomments&post=120"}],"version-history":[{"count":3,"href":"https:\/\/mcesson.se\/index.php?rest_route=\/wp\/v2\/pages\/120\/revisions"}],"predecessor-version":[{"id":131,"href":"https:\/\/mcesson.se\/index.php?rest_route=\/wp\/v2\/pages\/120\/revisions\/131"}],"up":[{"embeddable":true,"href":"https:\/\/mcesson.se\/index.php?rest_route=\/wp\/v2\/pages\/103"}],"wp:attachment":[{"href":"https:\/\/mcesson.se\/index.php?rest_route=%2Fwp%2Fv2%2Fmedia&parent=120"}],"curies":[{"name":"wp","href":"https:\/\/api.w.org\/{rel}","templated":true}]}}