{"id":105,"date":"2015-07-11T00:09:53","date_gmt":"2015-07-10T22:09:53","guid":{"rendered":"http:\/\/mcesson.se\/?page_id=105"},"modified":"2015-07-11T01:33:35","modified_gmt":"2015-07-10T23:33:35","slug":"lappugga","status":"publish","type":"page","link":"https:\/\/mcesson.se\/?page_id=105","title":{"rendered":"Lappuggla"},"content":{"rendered":"<div id=\"attachment_95\" style=\"width: 490px\" class=\"wp-caption alignnone\"><a href=\"http:\/\/mcesson.se\/wp-content\/uploads\/2015\/04\/1J4A1683_720.jpg\"><img aria-describedby=\"caption-attachment-95\" decoding=\"async\" loading=\"lazy\" class=\"size-full wp-image-95\" src=\"http:\/\/mcesson.se\/wp-content\/uploads\/2015\/04\/1J4A1683_720.jpg\" alt=\"P\u00e5 v\u00e4g....\" width=\"480\" height=\"720\" srcset=\"https:\/\/mcesson.se\/wp-content\/uploads\/2015\/04\/1J4A1683_720.jpg 480w, https:\/\/mcesson.se\/wp-content\/uploads\/2015\/04\/1J4A1683_720-200x300.jpg 200w\" sizes=\"(max-width: 480px) 100vw, 480px\" \/><\/a><p id=\"caption-attachment-95\" class=\"wp-caption-text\">P\u00e5 v\u00e4g&#8230;.<\/p><\/div>\n<div id=\"attachment_109\" style=\"width: 490px\" class=\"wp-caption alignnone\"><a href=\"http:\/\/mcesson.se\/wp-content\/uploads\/2015\/07\/1J4A3046_720.jpg\"><img aria-describedby=\"caption-attachment-109\" decoding=\"async\" loading=\"lazy\" class=\"wp-image-109 size-full\" src=\"http:\/\/mcesson.se\/wp-content\/uploads\/2015\/07\/1J4A3046_720.jpg\" alt=\"1J4A3046_720\" width=\"480\" height=\"720\" srcset=\"https:\/\/mcesson.se\/wp-content\/uploads\/2015\/07\/1J4A3046_720.jpg 480w, https:\/\/mcesson.se\/wp-content\/uploads\/2015\/07\/1J4A3046_720-200x300.jpg 200w\" sizes=\"(max-width: 480px) 100vw, 480px\" \/><\/a><p id=\"caption-attachment-109\" class=\"wp-caption-text\">Lappuggleunge fr\u00e5n 2015.<\/p><\/div>\n<div id=\"attachment_111\" style=\"width: 490px\" class=\"wp-caption alignnone\"><a href=\"http:\/\/mcesson.se\/wp-content\/uploads\/2015\/07\/1J4A3211_720.jpg\"><img aria-describedby=\"caption-attachment-111\" decoding=\"async\" loading=\"lazy\" class=\"wp-image-111 size-full\" src=\"http:\/\/mcesson.se\/wp-content\/uploads\/2015\/07\/1J4A3211_720.jpg\" alt=\"1J4A3211_720\" width=\"480\" height=\"720\" srcset=\"https:\/\/mcesson.se\/wp-content\/uploads\/2015\/07\/1J4A3211_720.jpg 480w, https:\/\/mcesson.se\/wp-content\/uploads\/2015\/07\/1J4A3211_720-200x300.jpg 200w\" sizes=\"(max-width: 480px) 100vw, 480px\" \/><\/a><p id=\"caption-attachment-111\" class=\"wp-caption-text\">Lappugglan spanar efter sork.<\/p><\/div>\n<p>&nbsp;<\/p>\n<div id=\"attachment_97\" style=\"width: 490px\" class=\"wp-caption alignnone\"><a href=\"http:\/\/mcesson.se\/wp-content\/uploads\/2015\/04\/1J4A1770_720.jpg\"><img aria-describedby=\"caption-attachment-97\" decoding=\"async\" loading=\"lazy\" class=\"size-full wp-image-97\" src=\"http:\/\/mcesson.se\/wp-content\/uploads\/2015\/04\/1J4A1770_720.jpg\" alt=\"P\u00e5 spaning\" width=\"480\" height=\"720\" srcset=\"https:\/\/mcesson.se\/wp-content\/uploads\/2015\/04\/1J4A1770_720.jpg 480w, https:\/\/mcesson.se\/wp-content\/uploads\/2015\/04\/1J4A1770_720-200x300.jpg 200w\" sizes=\"(max-width: 480px) 100vw, 480px\" \/><\/a><p id=\"caption-attachment-97\" class=\"wp-caption-text\">P\u00e5 spaning<\/p><\/div>\n<div id=\"attachment_96\" style=\"width: 1034px\" class=\"wp-caption alignnone\"><a href=\"http:\/\/mcesson.se\/wp-content\/uploads\/2015\/04\/1J4A1756_1024.jpg\"><img aria-describedby=\"caption-attachment-96\" decoding=\"async\" loading=\"lazy\" class=\"size-full wp-image-96\" src=\"http:\/\/mcesson.se\/wp-content\/uploads\/2015\/04\/1J4A1756_1024.jpg\" alt=\"Lappugglan \u00e4r en m\u00e4ktig f\u00e5gel\" width=\"1024\" height=\"683\" srcset=\"https:\/\/mcesson.se\/wp-content\/uploads\/2015\/04\/1J4A1756_1024.jpg 1024w, https:\/\/mcesson.se\/wp-content\/uploads\/2015\/04\/1J4A1756_1024-300x200.jpg 300w\" sizes=\"(max-width: 1024px) 100vw, 1024px\" \/><\/a><p id=\"caption-attachment-96\" class=\"wp-caption-text\">Lappugglan \u00e4r en m\u00e4ktig f\u00e5gel<\/p><\/div>\n<div id=\"attachment_94\" style=\"width: 1034px\" class=\"wp-caption alignnone\"><a href=\"http:\/\/mcesson.se\/wp-content\/uploads\/2015\/04\/1J4A1666_1024.jpg\"><img aria-describedby=\"caption-attachment-94\" decoding=\"async\" loading=\"lazy\" class=\"size-full wp-image-94\" src=\"http:\/\/mcesson.se\/wp-content\/uploads\/2015\/04\/1J4A1666_1024.jpg\" alt=\"Hanen p\u00e5 v\u00e4g att h\u00e4mta mat\" width=\"1024\" height=\"683\" srcset=\"https:\/\/mcesson.se\/wp-content\/uploads\/2015\/04\/1J4A1666_1024.jpg 1024w, https:\/\/mcesson.se\/wp-content\/uploads\/2015\/04\/1J4A1666_1024-300x200.jpg 300w\" sizes=\"(max-width: 1024px) 100vw, 1024px\" \/><\/a><p id=\"caption-attachment-94\" class=\"wp-caption-text\">Hanen p\u00e5 v\u00e4g att h\u00e4mta mat<\/p><\/div>\n<div id=\"attachment_93\" style=\"width: 490px\" class=\"wp-caption alignnone\"><a href=\"http:\/\/mcesson.se\/wp-content\/uploads\/2015\/04\/1J4A1833_720.jpg\"><img aria-describedby=\"caption-attachment-93\" decoding=\"async\" loading=\"lazy\" class=\"size-full wp-image-93\" src=\"http:\/\/mcesson.se\/wp-content\/uploads\/2015\/04\/1J4A1833_720.jpg\" alt=\"Honan med ungar.\" width=\"480\" height=\"720\" srcset=\"https:\/\/mcesson.se\/wp-content\/uploads\/2015\/04\/1J4A1833_720.jpg 480w, https:\/\/mcesson.se\/wp-content\/uploads\/2015\/04\/1J4A1833_720-200x300.jpg 200w\" sizes=\"(max-width: 480px) 100vw, 480px\" \/><\/a><p id=\"caption-attachment-93\" class=\"wp-caption-text\">Honan med ungar.<\/p><\/div>\n","protected":false},"excerpt":{"rendered":"<p>&nbsp;<\/p>\n","protected":false},"author":1,"featured_media":0,"parent":103,"menu_order":0,"comment_status":"closed","ping_status":"open","template":"","meta":[],"_links":{"self":[{"href":"https:\/\/mcesson.se\/index.php?rest_route=\/wp\/v2\/pages\/105"}],"collection":[{"href":"https:\/\/mcesson.se\/index.php?rest_route=\/wp\/v2\/pages"}],"about":[{"href":"https:\/\/mcesson.se\/index.php?rest_route=\/wp\/v2\/types\/page"}],"author":[{"embeddable":true,"href":"https:\/\/mcesson.se\/index.php?rest_route=\/wp\/v2\/users\/1"}],"replies":[{"embeddable":true,"href":"https:\/\/mcesson.se\/index.php?rest_route=%2Fwp%2Fv2%2Fcomments&post=105"}],"version-history":[{"count":5,"href":"https:\/\/mcesson.se\/index.php?rest_route=\/wp\/v2\/pages\/105\/revisions"}],"predecessor-version":[{"id":113,"href":"https:\/\/mcesson.se\/index.php?rest_route=\/wp\/v2\/pages\/105\/revisions\/113"}],"up":[{"embeddable":true,"href":"https:\/\/mcesson.se\/index.php?rest_route=\/wp\/v2\/pages\/103"}],"wp:attachment":[{"href":"https:\/\/mcesson.se\/index.php?rest_route=%2Fwp%2Fv2%2Fmedia&parent=105"}],"curies":[{"name":"wp","href":"https:\/\/api.w.org\/{rel}","templated":true}]}}