{"id":103,"date":"2015-07-11T00:09:01","date_gmt":"2015-07-10T22:09:01","guid":{"rendered":"http:\/\/mcesson.se\/?page_id=103"},"modified":"2015-07-11T01:26:27","modified_gmt":"2015-07-10T23:26:27","slug":"faglar","status":"publish","type":"page","link":"https:\/\/mcesson.se\/?page_id=103","title":{"rendered":"F\u00e5glar"},"content":{"rendered":"<div id=\"attachment_154\" style=\"width: 1034px\" class=\"wp-caption alignnone\"><a href=\"http:\/\/mcesson.se\/wp-content\/uploads\/2015\/07\/DSC_0205b_1024.jpg\"><img aria-describedby=\"caption-attachment-154\" decoding=\"async\" loading=\"lazy\" class=\"wp-image-154 size-full\" src=\"http:\/\/mcesson.se\/wp-content\/uploads\/2015\/07\/DSC_0205b_1024.jpg\" alt=\"DSC_0205b_1024\" width=\"1024\" height=\"680\" srcset=\"https:\/\/mcesson.se\/wp-content\/uploads\/2015\/07\/DSC_0205b_1024.jpg 1024w, https:\/\/mcesson.se\/wp-content\/uploads\/2015\/07\/DSC_0205b_1024-300x199.jpg 300w\" sizes=\"(max-width: 1024px) 100vw, 1024px\" \/><\/a><p id=\"caption-attachment-154\" class=\"wp-caption-text\">Domherre<\/p><\/div>\n<p>Ett av mina intressen \u00e4r f\u00e5glar, vilket fungerar v\u00e4l att kombinera med fotointresset. Egentligen grundar sig mitt f\u00e5gelintresse helt och h\u00e5llet p\u00e5 fotograferandet, men allt eftersom man tar bilder p\u00e5 f\u00e5glar vill man ju veta vilken art det \u00e4r och hur dessa f\u00e5glar ter sig i naturen.<br \/>\nH\u00e4r hittar du en del av de f\u00e5glar jag fotat. V\u00e4lj vilken art du vill se i menyn &#8221;f\u00e5glar&#8221;.<\/p>\n","protected":false},"excerpt":{"rendered":"<p>Ett av mina intressen \u00e4r f\u00e5glar, vilket fungerar v\u00e4l att kombinera med fotointresset. Egentligen grundar sig mitt f\u00e5gelintresse helt och h\u00e5llet p\u00e5 fotograferandet, men allt eftersom man tar bilder p\u00e5 f\u00e5glar vill man ju veta vilken art det \u00e4r och &hellip; <a href=\"https:\/\/mcesson.se\/?page_id=103\">Continue reading <span class=\"meta-nav\">&rarr;<\/span><\/a><\/p>\n","protected":false},"author":1,"featured_media":0,"parent":0,"menu_order":0,"comment_status":"closed","ping_status":"open","template":"","meta":[],"_links":{"self":[{"href":"https:\/\/mcesson.se\/index.php?rest_route=\/wp\/v2\/pages\/103"}],"collection":[{"href":"https:\/\/mcesson.se\/index.php?rest_route=\/wp\/v2\/pages"}],"about":[{"href":"https:\/\/mcesson.se\/index.php?rest_route=\/wp\/v2\/types\/page"}],"author":[{"embeddable":true,"href":"https:\/\/mcesson.se\/index.php?rest_route=\/wp\/v2\/users\/1"}],"replies":[{"embeddable":true,"href":"https:\/\/mcesson.se\/index.php?rest_route=%2Fwp%2Fv2%2Fcomments&post=103"}],"version-history":[{"count":4,"href":"https:\/\/mcesson.se\/index.php?rest_route=\/wp\/v2\/pages\/103\/revisions"}],"predecessor-version":[{"id":157,"href":"https:\/\/mcesson.se\/index.php?rest_route=\/wp\/v2\/pages\/103\/revisions\/157"}],"wp:attachment":[{"href":"https:\/\/mcesson.se\/index.php?rest_route=%2Fwp%2Fv2%2Fmedia&parent=103"}],"curies":[{"name":"wp","href":"https:\/\/api.w.org\/{rel}","templated":true}]}}